{"id":425,"date":"2020-04-16T13:56:17","date_gmt":"2020-04-16T13:56:17","guid":{"rendered":"https:\/\/jvservices.be\/online-expertise\/fotodossier\/"},"modified":"2020-04-27T19:17:55","modified_gmt":"2020-04-27T19:17:55","slug":"fotodossier","status":"publish","type":"page","link":"https:\/\/jvservices.be\/fr\/online-expertise\/fotodossier\/","title":{"rendered":"Expertise photographique"},"content":{"rendered":"\n<h1 class=\"wp-block-heading\">Demandez ici votre expertise photographique.<\/h1>\n\n\n\n<p>Veuillez compl\u00e9ter ci-dessous les champs demand\u00e9s et de joindre les photos du sinistre conform\u00e9ment \u00e0 notre <span class=\"has-inline-color has-vivid-cyan-blue-color\"><span style=\"text-decoration: underline;\"><a href=\"https:\/\/jvservices.be\/wp-content\/uploads\/2020\/04\/JV-Services-Instructies-fotoreeks-Frans.pdf\">mode d\u2019emploi<\/a><\/span><\/span>. Si vous \u00eates en possession d\u2019un devis, d\u2019une d\u00e9claration d\u2019accident, d\u2019une facture de r\u00e9paration provisoire ou autre, vous pourrez l\u2019y joindre.<\/p>\n","protected":false},"excerpt":{"rendered":"<p>Demandez ici votre expertise photographique. Veuillez compl\u00e9ter ci-dessous les champs demand\u00e9s et de joindre les photos du sinistre conform\u00e9ment \u00e0 notre mode d\u2019emploi. Si vous \u00eates en possession d\u2019un devis, d\u2019une d\u00e9claration d\u2019accident, d\u2019une facture de r\u00e9paration provisoire ou autre, vous pourrez l\u2019y joindre.<\/p>\n","protected":false},"author":1,"featured_media":0,"parent":422,"menu_order":0,"comment_status":"closed","ping_status":"closed","template":"template_fotodossier.php","meta":{"_acf_changed":false,"footnotes":""},"class_list":["post-425","page","type-page","status-publish","hentry"],"acf":[],"yoast_head":"<!-- This site is optimized with the Yoast SEO plugin v27.5 - https:\/\/yoast.com\/product\/yoast-seo-wordpress\/ -->\n<title>Expertise photographique - J&amp;V Services<\/title>\n<meta name=\"robots\" content=\"index, follow, max-snippet:-1, max-image-preview:large, max-video-preview:-1\" \/>\n<link rel=\"canonical\" href=\"https:\/\/jvservices.be\/fr\/online-expertise\/fotodossier\/\" \/>\n<meta property=\"og:locale\" content=\"fr_FR\" \/>\n<meta property=\"og:type\" content=\"article\" \/>\n<meta property=\"og:title\" content=\"Expertise photographique - J&amp;V Services\" \/>\n<meta property=\"og:description\" content=\"Demandez ici votre expertise photographique. Veuillez compl\u00e9ter ci-dessous les champs demand\u00e9s et de joindre les photos du sinistre conform\u00e9ment \u00e0 notre mode d\u2019emploi. Si vous \u00eates en possession d\u2019un devis, d\u2019une d\u00e9claration d\u2019accident, d\u2019une facture de r\u00e9paration provisoire ou autre, vous pourrez l\u2019y joindre.\" \/>\n<meta property=\"og:url\" content=\"https:\/\/jvservices.be\/fr\/online-expertise\/fotodossier\/\" \/>\n<meta property=\"og:site_name\" content=\"J&amp;V Services\" \/>\n<meta property=\"article:modified_time\" content=\"2020-04-27T19:17:55+00:00\" \/>\n<meta name=\"twitter:card\" content=\"summary_large_image\" \/>\n<script type=\"application\/ld+json\" class=\"yoast-schema-graph\">{\"@context\":\"https:\\\/\\\/schema.org\",\"@graph\":[{\"@type\":\"WebPage\",\"@id\":\"https:\\\/\\\/jvservices.be\\\/fr\\\/online-expertise\\\/fotodossier\\\/\",\"url\":\"https:\\\/\\\/jvservices.be\\\/fr\\\/online-expertise\\\/fotodossier\\\/\",\"name\":\"Expertise photographique - J&amp;V Services\",\"isPartOf\":{\"@id\":\"https:\\\/\\\/jvservices.be\\\/#website\"},\"datePublished\":\"2020-04-16T13:56:17+00:00\",\"dateModified\":\"2020-04-27T19:17:55+00:00\",\"breadcrumb\":{\"@id\":\"https:\\\/\\\/jvservices.be\\\/fr\\\/online-expertise\\\/fotodossier\\\/#breadcrumb\"},\"inLanguage\":\"fr-FR\",\"potentialAction\":[{\"@type\":\"ReadAction\",\"target\":[\"https:\\\/\\\/jvservices.be\\\/fr\\\/online-expertise\\\/fotodossier\\\/\"]}]},{\"@type\":\"BreadcrumbList\",\"@id\":\"https:\\\/\\\/jvservices.be\\\/fr\\\/online-expertise\\\/fotodossier\\\/#breadcrumb\",\"itemListElement\":[{\"@type\":\"ListItem\",\"position\":1,\"name\":\"Home\",\"item\":\"https:\\\/\\\/jvservices.be\\\/fr\\\/\"},{\"@type\":\"ListItem\",\"position\":2,\"name\":\"Online expertise\",\"item\":\"https:\\\/\\\/jvservices.be\\\/fr\\\/online-expertise\\\/\"},{\"@type\":\"ListItem\",\"position\":3,\"name\":\"Expertise photographique\"}]},{\"@type\":\"WebSite\",\"@id\":\"https:\\\/\\\/jvservices.be\\\/#website\",\"url\":\"https:\\\/\\\/jvservices.be\\\/\",\"name\":\"J&amp;V Services\",\"description\":\"Expertisekantoor\",\"potentialAction\":[{\"@type\":\"SearchAction\",\"target\":{\"@type\":\"EntryPoint\",\"urlTemplate\":\"https:\\\/\\\/jvservices.be\\\/?s={search_term_string}\"},\"query-input\":{\"@type\":\"PropertyValueSpecification\",\"valueRequired\":true,\"valueName\":\"search_term_string\"}}],\"inLanguage\":\"fr-FR\"}]}<\/script>\n<!-- \/ Yoast SEO plugin. -->","yoast_head_json":{"title":"Expertise photographique - J&amp;V Services","robots":{"index":"index","follow":"follow","max-snippet":"max-snippet:-1","max-image-preview":"max-image-preview:large","max-video-preview":"max-video-preview:-1"},"canonical":"https:\/\/jvservices.be\/fr\/online-expertise\/fotodossier\/","og_locale":"fr_FR","og_type":"article","og_title":"Expertise photographique - J&amp;V Services","og_description":"Demandez ici votre expertise photographique. Veuillez compl\u00e9ter ci-dessous les champs demand\u00e9s et de joindre les photos du sinistre conform\u00e9ment \u00e0 notre mode d\u2019emploi. Si vous \u00eates en possession d\u2019un devis, d\u2019une d\u00e9claration d\u2019accident, d\u2019une facture de r\u00e9paration provisoire ou autre, vous pourrez l\u2019y joindre.","og_url":"https:\/\/jvservices.be\/fr\/online-expertise\/fotodossier\/","og_site_name":"J&amp;V Services","article_modified_time":"2020-04-27T19:17:55+00:00","twitter_card":"summary_large_image","schema":{"@context":"https:\/\/schema.org","@graph":[{"@type":"WebPage","@id":"https:\/\/jvservices.be\/fr\/online-expertise\/fotodossier\/","url":"https:\/\/jvservices.be\/fr\/online-expertise\/fotodossier\/","name":"Expertise photographique - J&amp;V Services","isPartOf":{"@id":"https:\/\/jvservices.be\/#website"},"datePublished":"2020-04-16T13:56:17+00:00","dateModified":"2020-04-27T19:17:55+00:00","breadcrumb":{"@id":"https:\/\/jvservices.be\/fr\/online-expertise\/fotodossier\/#breadcrumb"},"inLanguage":"fr-FR","potentialAction":[{"@type":"ReadAction","target":["https:\/\/jvservices.be\/fr\/online-expertise\/fotodossier\/"]}]},{"@type":"BreadcrumbList","@id":"https:\/\/jvservices.be\/fr\/online-expertise\/fotodossier\/#breadcrumb","itemListElement":[{"@type":"ListItem","position":1,"name":"Home","item":"https:\/\/jvservices.be\/fr\/"},{"@type":"ListItem","position":2,"name":"Online expertise","item":"https:\/\/jvservices.be\/fr\/online-expertise\/"},{"@type":"ListItem","position":3,"name":"Expertise photographique"}]},{"@type":"WebSite","@id":"https:\/\/jvservices.be\/#website","url":"https:\/\/jvservices.be\/","name":"J&amp;V Services","description":"Expertisekantoor","potentialAction":[{"@type":"SearchAction","target":{"@type":"EntryPoint","urlTemplate":"https:\/\/jvservices.be\/?s={search_term_string}"},"query-input":{"@type":"PropertyValueSpecification","valueRequired":true,"valueName":"search_term_string"}}],"inLanguage":"fr-FR"}]}},"_links":{"self":[{"href":"https:\/\/jvservices.be\/fr\/wp-json\/wp\/v2\/pages\/425","targetHints":{"allow":["GET"]}}],"collection":[{"href":"https:\/\/jvservices.be\/fr\/wp-json\/wp\/v2\/pages"}],"about":[{"href":"https:\/\/jvservices.be\/fr\/wp-json\/wp\/v2\/types\/page"}],"author":[{"embeddable":true,"href":"https:\/\/jvservices.be\/fr\/wp-json\/wp\/v2\/users\/1"}],"replies":[{"embeddable":true,"href":"https:\/\/jvservices.be\/fr\/wp-json\/wp\/v2\/comments?post=425"}],"version-history":[{"count":3,"href":"https:\/\/jvservices.be\/fr\/wp-json\/wp\/v2\/pages\/425\/revisions"}],"predecessor-version":[{"id":618,"href":"https:\/\/jvservices.be\/fr\/wp-json\/wp\/v2\/pages\/425\/revisions\/618"}],"up":[{"embeddable":true,"href":"https:\/\/jvservices.be\/fr\/wp-json\/wp\/v2\/pages\/422"}],"wp:attachment":[{"href":"https:\/\/jvservices.be\/fr\/wp-json\/wp\/v2\/media?parent=425"}],"curies":[{"name":"wp","href":"https:\/\/api.w.org\/{rel}","templated":true}]}}