{"id":419,"date":"2020-04-14T14:41:37","date_gmt":"2020-04-14T14:41:37","guid":{"rendered":"https:\/\/jvservices.be\/contact\/"},"modified":"2025-07-09T08:18:48","modified_gmt":"2025-07-09T08:18:48","slug":"contact","status":"publish","type":"page","link":"https:\/\/jvservices.be\/fr\/contact\/","title":{"rendered":"Prendre rendez-vous"},"content":{"rendered":"\n<h3 class=\"wp-block-heading\">Questions? Contactez-moi<\/h3>\n\n\n\n<p>Remplissez notre formulaire de contact pour toutes vos questions relatives \u00e0 votre mat\u00e9riel roulant. Nos collaborateurs vous apporteront la r\u00e9ponse appropri\u00e9e.<\/p>\n","protected":false},"excerpt":{"rendered":"<p>Questions? Contactez-moi Remplissez notre formulaire de contact pour toutes vos questions relatives \u00e0 votre mat\u00e9riel roulant. Nos collaborateurs vous apporteront la r\u00e9ponse appropri\u00e9e.<\/p>\n","protected":false},"author":1,"featured_media":0,"parent":0,"menu_order":0,"comment_status":"closed","ping_status":"closed","template":"template_contact.php","meta":{"_acf_changed":false,"footnotes":""},"class_list":["post-419","page","type-page","status-publish","hentry"],"acf":[],"yoast_head":"<!-- This site is optimized with the Yoast SEO plugin v27.3 - https:\/\/yoast.com\/product\/yoast-seo-wordpress\/ -->\n<title>Prendre rendez-vous - J&amp;V Services<\/title>\n<meta name=\"robots\" content=\"index, follow, max-snippet:-1, max-image-preview:large, max-video-preview:-1\" \/>\n<link rel=\"canonical\" href=\"https:\/\/jvservices.be\/fr\/contact\/\" \/>\n<meta property=\"og:locale\" content=\"fr_FR\" \/>\n<meta property=\"og:type\" content=\"article\" \/>\n<meta property=\"og:title\" content=\"Prendre rendez-vous - J&amp;V Services\" \/>\n<meta property=\"og:description\" content=\"Questions? Contactez-moi Remplissez notre formulaire de contact pour toutes vos questions relatives \u00e0 votre mat\u00e9riel roulant. Nos collaborateurs vous apporteront la r\u00e9ponse appropri\u00e9e.\" \/>\n<meta property=\"og:url\" content=\"https:\/\/jvservices.be\/fr\/contact\/\" \/>\n<meta property=\"og:site_name\" content=\"J&amp;V Services\" \/>\n<meta property=\"article:modified_time\" content=\"2025-07-09T08:18:48+00:00\" \/>\n<meta name=\"twitter:card\" content=\"summary_large_image\" \/>\n<meta name=\"twitter:label1\" content=\"Dur\u00e9e de lecture estim\u00e9e\" \/>\n\t<meta name=\"twitter:data1\" content=\"1 minute\" \/>\n<script type=\"application\/ld+json\" class=\"yoast-schema-graph\">{\"@context\":\"https:\\\/\\\/schema.org\",\"@graph\":[{\"@type\":\"WebPage\",\"@id\":\"https:\\\/\\\/jvservices.be\\\/fr\\\/contact\\\/\",\"url\":\"https:\\\/\\\/jvservices.be\\\/fr\\\/contact\\\/\",\"name\":\"Prendre rendez-vous - J&amp;V Services\",\"isPartOf\":{\"@id\":\"https:\\\/\\\/jvservices.be\\\/#website\"},\"datePublished\":\"2020-04-14T14:41:37+00:00\",\"dateModified\":\"2025-07-09T08:18:48+00:00\",\"breadcrumb\":{\"@id\":\"https:\\\/\\\/jvservices.be\\\/fr\\\/contact\\\/#breadcrumb\"},\"inLanguage\":\"fr-FR\",\"potentialAction\":[{\"@type\":\"ReadAction\",\"target\":[\"https:\\\/\\\/jvservices.be\\\/fr\\\/contact\\\/\"]}]},{\"@type\":\"BreadcrumbList\",\"@id\":\"https:\\\/\\\/jvservices.be\\\/fr\\\/contact\\\/#breadcrumb\",\"itemListElement\":[{\"@type\":\"ListItem\",\"position\":1,\"name\":\"Home\",\"item\":\"https:\\\/\\\/jvservices.be\\\/fr\\\/\"},{\"@type\":\"ListItem\",\"position\":2,\"name\":\"Prendre rendez-vous\"}]},{\"@type\":\"WebSite\",\"@id\":\"https:\\\/\\\/jvservices.be\\\/#website\",\"url\":\"https:\\\/\\\/jvservices.be\\\/\",\"name\":\"J&amp;V Services\",\"description\":\"Expertisekantoor\",\"potentialAction\":[{\"@type\":\"SearchAction\",\"target\":{\"@type\":\"EntryPoint\",\"urlTemplate\":\"https:\\\/\\\/jvservices.be\\\/?s={search_term_string}\"},\"query-input\":{\"@type\":\"PropertyValueSpecification\",\"valueRequired\":true,\"valueName\":\"search_term_string\"}}],\"inLanguage\":\"fr-FR\"}]}<\/script>\n<!-- \/ Yoast SEO plugin. -->","yoast_head_json":{"title":"Prendre rendez-vous - J&amp;V Services","robots":{"index":"index","follow":"follow","max-snippet":"max-snippet:-1","max-image-preview":"max-image-preview:large","max-video-preview":"max-video-preview:-1"},"canonical":"https:\/\/jvservices.be\/fr\/contact\/","og_locale":"fr_FR","og_type":"article","og_title":"Prendre rendez-vous - J&amp;V Services","og_description":"Questions? Contactez-moi Remplissez notre formulaire de contact pour toutes vos questions relatives \u00e0 votre mat\u00e9riel roulant. Nos collaborateurs vous apporteront la r\u00e9ponse appropri\u00e9e.","og_url":"https:\/\/jvservices.be\/fr\/contact\/","og_site_name":"J&amp;V Services","article_modified_time":"2025-07-09T08:18:48+00:00","twitter_card":"summary_large_image","twitter_misc":{"Dur\u00e9e de lecture estim\u00e9e":"1 minute"},"schema":{"@context":"https:\/\/schema.org","@graph":[{"@type":"WebPage","@id":"https:\/\/jvservices.be\/fr\/contact\/","url":"https:\/\/jvservices.be\/fr\/contact\/","name":"Prendre rendez-vous - J&amp;V Services","isPartOf":{"@id":"https:\/\/jvservices.be\/#website"},"datePublished":"2020-04-14T14:41:37+00:00","dateModified":"2025-07-09T08:18:48+00:00","breadcrumb":{"@id":"https:\/\/jvservices.be\/fr\/contact\/#breadcrumb"},"inLanguage":"fr-FR","potentialAction":[{"@type":"ReadAction","target":["https:\/\/jvservices.be\/fr\/contact\/"]}]},{"@type":"BreadcrumbList","@id":"https:\/\/jvservices.be\/fr\/contact\/#breadcrumb","itemListElement":[{"@type":"ListItem","position":1,"name":"Home","item":"https:\/\/jvservices.be\/fr\/"},{"@type":"ListItem","position":2,"name":"Prendre rendez-vous"}]},{"@type":"WebSite","@id":"https:\/\/jvservices.be\/#website","url":"https:\/\/jvservices.be\/","name":"J&amp;V Services","description":"Expertisekantoor","potentialAction":[{"@type":"SearchAction","target":{"@type":"EntryPoint","urlTemplate":"https:\/\/jvservices.be\/?s={search_term_string}"},"query-input":{"@type":"PropertyValueSpecification","valueRequired":true,"valueName":"search_term_string"}}],"inLanguage":"fr-FR"}]}},"_links":{"self":[{"href":"https:\/\/jvservices.be\/fr\/wp-json\/wp\/v2\/pages\/419","targetHints":{"allow":["GET"]}}],"collection":[{"href":"https:\/\/jvservices.be\/fr\/wp-json\/wp\/v2\/pages"}],"about":[{"href":"https:\/\/jvservices.be\/fr\/wp-json\/wp\/v2\/types\/page"}],"author":[{"embeddable":true,"href":"https:\/\/jvservices.be\/fr\/wp-json\/wp\/v2\/users\/1"}],"replies":[{"embeddable":true,"href":"https:\/\/jvservices.be\/fr\/wp-json\/wp\/v2\/comments?post=419"}],"version-history":[{"count":5,"href":"https:\/\/jvservices.be\/fr\/wp-json\/wp\/v2\/pages\/419\/revisions"}],"predecessor-version":[{"id":1248,"href":"https:\/\/jvservices.be\/fr\/wp-json\/wp\/v2\/pages\/419\/revisions\/1248"}],"wp:attachment":[{"href":"https:\/\/jvservices.be\/fr\/wp-json\/wp\/v2\/media?parent=419"}],"curies":[{"name":"wp","href":"https:\/\/api.w.org\/{rel}","templated":true}]}}