{"id":418,"date":"2020-04-14T14:41:23","date_gmt":"2020-04-14T14:41:23","guid":{"rendered":"https:\/\/jvservices.be\/about\/"},"modified":"2020-04-28T11:55:13","modified_gmt":"2020-04-28T11:55:13","slug":"about","status":"publish","type":"page","link":"https:\/\/jvservices.be\/fr\/about\/","title":{"rendered":"About"},"content":{"rendered":"\n<p>J&amp;V Services, qui a entam\u00e9 son parcours en 1999 comme cabinet d\u2019expertises de mat\u00e9riel roulant, est devenu un acteur majeur du secteur des expertises.<br><br>R\u00e9put\u00e9 dans le monde des expertises et des r\u00e8glements de sinistres, J&amp;V Services a su s\u2019infiltrer dans la plupart des syst\u00e8mes focalis\u00e9s sur les assureurs et les soci\u00e9t\u00e9s de leasing.<br><br>Forts de notre exp\u00e9rience de longue date, nous avons une vue globale sur les activit\u00e9s d\u2019expertise et la flexibilit\u00e9 requise pour r\u00e9pondre aux besoins et \u00e0 la demande du march\u00e9 actuel. Notre cabinet allie passion, dynamisme et professionnalisme pour g\u00e9rer toutes les formes d\u2019expertise sous un m\u00eame toit. Comme nous proposons une formule int\u00e9grale \u00e0 nos donneurs d\u2019ordre, nous sommes vraiment un partenaire complet pour ceux-ci.<br><br>\u00c0 maintes reprises, J&amp;V Services a d\u00e9j\u00e0 jou\u00e9 un r\u00f4le d\u2019entreprise pilote dans la conception de nouveaux projets de plateforme internet d\u00e9di\u00e9es \u00e0 la gestion, \u00e0 la limitation et au r\u00e8glement des sinistres. \u00c9quip\u00e9s de toutes les techniques d\u2019avant-garde, nous sommes en&nbsp; mesure de vous aider sans difficult\u00e9, avec efficacit\u00e9 et flexibilit\u00e9.&nbsp; Pour divers donneurs d\u2019ordre, nous combinons gestion de plateforme, expertises sur le terrain et dossiers photographiques.<br><br>Les parties ayant subi un sinistre automobile pourront constater que nous sommes un partenaire fiable: nous constatons les dommages avec un grand savoir-faire et nous r\u00e9glons le dossier de sinistre en toute confiance et avec professionnalisme.<br><br>Tous nos experts en sinistres sont titulaires des agr\u00e9ments requis d\u00e9livr\u00e9s par Assuralia et le SPF \u00c9conomie. Par ailleurs, ils suivent une formation continue donn\u00e9e par des centres de formation agr\u00e9\u00e9s et l\u2019association professionnelle UPEX. L\u2019institut des experts automobiles IAE-IEA assure le suivi pr\u00e9cis de la qualit\u00e9 et de la quantit\u00e9 de ces formations.<br><br>Pour nos donneurs d\u2019ordre, c\u2019est comme si&nbsp; J&amp;V Services faisait partie de leur personnel au bureau tout en \u00e9tant leur observateur sur le terrain. Nous sommes davantage qu\u2019un partenaire\/expert. Nous nous inscrivons dans un partenariat sain et transparent dans la dur\u00e9e, reposant sur la confiance et le professionnalisme. J&amp;V Services est votre acteur de \u00ab&nbsp;Partenariat&nbsp;\u00bb.<br><br>Les valeurs centrales de J&amp;V Services s\u2019appellent loyaut\u00e9, comp\u00e9tence professionnelle et passion du m\u00e9tier.<\/p>\n","protected":false},"excerpt":{"rendered":"<p>J&amp;V Services, qui a entam\u00e9 son parcours en 1999 comme cabinet d\u2019expertises de mat\u00e9riel roulant, est devenu un acteur majeur du secteur des expertises. R\u00e9put\u00e9 dans le monde des expertises et des r\u00e8glements de sinistres, J&amp;V Services a su s\u2019infiltrer dans la plupart des syst\u00e8mes focalis\u00e9s sur les assureurs et les soci\u00e9t\u00e9s de leasing. Forts [&hellip;]<\/p>\n","protected":false},"author":1,"featured_media":517,"parent":0,"menu_order":0,"comment_status":"closed","ping_status":"closed","template":"template_about.php","meta":{"_acf_changed":false,"footnotes":""},"class_list":["post-418","page","type-page","status-publish","has-post-thumbnail","hentry"],"acf":[],"yoast_head":"<!-- This site is optimized with the Yoast SEO plugin v27.3 - https:\/\/yoast.com\/product\/yoast-seo-wordpress\/ -->\n<title>About - J&amp;V Services<\/title>\n<meta name=\"robots\" content=\"index, follow, max-snippet:-1, max-image-preview:large, max-video-preview:-1\" \/>\n<link rel=\"canonical\" href=\"https:\/\/jvservices.be\/fr\/about\/\" \/>\n<meta property=\"og:locale\" content=\"fr_FR\" \/>\n<meta property=\"og:type\" content=\"article\" \/>\n<meta property=\"og:title\" content=\"About - J&amp;V Services\" \/>\n<meta property=\"og:description\" content=\"J&amp;V Services, qui a entam\u00e9 son parcours en 1999 comme cabinet d\u2019expertises de mat\u00e9riel roulant, est devenu un acteur majeur du secteur des expertises. R\u00e9put\u00e9 dans le monde des expertises et des r\u00e8glements de sinistres, J&amp;V Services a su s\u2019infiltrer dans la plupart des syst\u00e8mes focalis\u00e9s sur les assureurs et les soci\u00e9t\u00e9s de leasing. Forts [&hellip;]\" \/>\n<meta property=\"og:url\" content=\"https:\/\/jvservices.be\/fr\/about\/\" \/>\n<meta property=\"og:site_name\" content=\"J&amp;V Services\" \/>\n<meta property=\"article:modified_time\" content=\"2020-04-28T11:55:13+00:00\" \/>\n<meta property=\"og:image\" content=\"https:\/\/jvservices.be\/wp-content\/uploads\/2020\/04\/Joris_8.jpg\" \/>\n\t<meta property=\"og:image:width\" content=\"2560\" \/>\n\t<meta property=\"og:image:height\" content=\"1707\" \/>\n\t<meta property=\"og:image:type\" content=\"image\/jpeg\" \/>\n<meta name=\"twitter:card\" content=\"summary_large_image\" \/>\n<meta name=\"twitter:label1\" content=\"Dur\u00e9e de lecture estim\u00e9e\" \/>\n\t<meta name=\"twitter:data1\" content=\"2 minutes\" \/>\n<script type=\"application\/ld+json\" class=\"yoast-schema-graph\">{\"@context\":\"https:\\\/\\\/schema.org\",\"@graph\":[{\"@type\":\"WebPage\",\"@id\":\"https:\\\/\\\/jvservices.be\\\/fr\\\/about\\\/\",\"url\":\"https:\\\/\\\/jvservices.be\\\/fr\\\/about\\\/\",\"name\":\"About - J&amp;V Services\",\"isPartOf\":{\"@id\":\"https:\\\/\\\/jvservices.be\\\/#website\"},\"primaryImageOfPage\":{\"@id\":\"https:\\\/\\\/jvservices.be\\\/fr\\\/about\\\/#primaryimage\"},\"image\":{\"@id\":\"https:\\\/\\\/jvservices.be\\\/fr\\\/about\\\/#primaryimage\"},\"thumbnailUrl\":\"https:\\\/\\\/jvservices.be\\\/wp-content\\\/uploads\\\/2020\\\/04\\\/Joris_8.jpg\",\"datePublished\":\"2020-04-14T14:41:23+00:00\",\"dateModified\":\"2020-04-28T11:55:13+00:00\",\"breadcrumb\":{\"@id\":\"https:\\\/\\\/jvservices.be\\\/fr\\\/about\\\/#breadcrumb\"},\"inLanguage\":\"fr-FR\",\"potentialAction\":[{\"@type\":\"ReadAction\",\"target\":[\"https:\\\/\\\/jvservices.be\\\/fr\\\/about\\\/\"]}]},{\"@type\":\"ImageObject\",\"inLanguage\":\"fr-FR\",\"@id\":\"https:\\\/\\\/jvservices.be\\\/fr\\\/about\\\/#primaryimage\",\"url\":\"https:\\\/\\\/jvservices.be\\\/wp-content\\\/uploads\\\/2020\\\/04\\\/Joris_8.jpg\",\"contentUrl\":\"https:\\\/\\\/jvservices.be\\\/wp-content\\\/uploads\\\/2020\\\/04\\\/Joris_8.jpg\",\"width\":2560,\"height\":1707,\"caption\":\"Rudy Joris en zijn American Austin Bantam\"},{\"@type\":\"BreadcrumbList\",\"@id\":\"https:\\\/\\\/jvservices.be\\\/fr\\\/about\\\/#breadcrumb\",\"itemListElement\":[{\"@type\":\"ListItem\",\"position\":1,\"name\":\"Home\",\"item\":\"https:\\\/\\\/jvservices.be\\\/fr\\\/\"},{\"@type\":\"ListItem\",\"position\":2,\"name\":\"About\"}]},{\"@type\":\"WebSite\",\"@id\":\"https:\\\/\\\/jvservices.be\\\/#website\",\"url\":\"https:\\\/\\\/jvservices.be\\\/\",\"name\":\"J&amp;V Services\",\"description\":\"Expertisekantoor\",\"potentialAction\":[{\"@type\":\"SearchAction\",\"target\":{\"@type\":\"EntryPoint\",\"urlTemplate\":\"https:\\\/\\\/jvservices.be\\\/?s={search_term_string}\"},\"query-input\":{\"@type\":\"PropertyValueSpecification\",\"valueRequired\":true,\"valueName\":\"search_term_string\"}}],\"inLanguage\":\"fr-FR\"}]}<\/script>\n<!-- \/ Yoast SEO plugin. -->","yoast_head_json":{"title":"About - J&amp;V Services","robots":{"index":"index","follow":"follow","max-snippet":"max-snippet:-1","max-image-preview":"max-image-preview:large","max-video-preview":"max-video-preview:-1"},"canonical":"https:\/\/jvservices.be\/fr\/about\/","og_locale":"fr_FR","og_type":"article","og_title":"About - J&amp;V Services","og_description":"J&amp;V Services, qui a entam\u00e9 son parcours en 1999 comme cabinet d\u2019expertises de mat\u00e9riel roulant, est devenu un acteur majeur du secteur des expertises. R\u00e9put\u00e9 dans le monde des expertises et des r\u00e8glements de sinistres, J&amp;V Services a su s\u2019infiltrer dans la plupart des syst\u00e8mes focalis\u00e9s sur les assureurs et les soci\u00e9t\u00e9s de leasing. Forts [&hellip;]","og_url":"https:\/\/jvservices.be\/fr\/about\/","og_site_name":"J&amp;V Services","article_modified_time":"2020-04-28T11:55:13+00:00","og_image":[{"width":2560,"height":1707,"url":"https:\/\/jvservices.be\/wp-content\/uploads\/2020\/04\/Joris_8.jpg","type":"image\/jpeg"}],"twitter_card":"summary_large_image","twitter_misc":{"Dur\u00e9e de lecture estim\u00e9e":"2 minutes"},"schema":{"@context":"https:\/\/schema.org","@graph":[{"@type":"WebPage","@id":"https:\/\/jvservices.be\/fr\/about\/","url":"https:\/\/jvservices.be\/fr\/about\/","name":"About - J&amp;V Services","isPartOf":{"@id":"https:\/\/jvservices.be\/#website"},"primaryImageOfPage":{"@id":"https:\/\/jvservices.be\/fr\/about\/#primaryimage"},"image":{"@id":"https:\/\/jvservices.be\/fr\/about\/#primaryimage"},"thumbnailUrl":"https:\/\/jvservices.be\/wp-content\/uploads\/2020\/04\/Joris_8.jpg","datePublished":"2020-04-14T14:41:23+00:00","dateModified":"2020-04-28T11:55:13+00:00","breadcrumb":{"@id":"https:\/\/jvservices.be\/fr\/about\/#breadcrumb"},"inLanguage":"fr-FR","potentialAction":[{"@type":"ReadAction","target":["https:\/\/jvservices.be\/fr\/about\/"]}]},{"@type":"ImageObject","inLanguage":"fr-FR","@id":"https:\/\/jvservices.be\/fr\/about\/#primaryimage","url":"https:\/\/jvservices.be\/wp-content\/uploads\/2020\/04\/Joris_8.jpg","contentUrl":"https:\/\/jvservices.be\/wp-content\/uploads\/2020\/04\/Joris_8.jpg","width":2560,"height":1707,"caption":"Rudy Joris en zijn American Austin Bantam"},{"@type":"BreadcrumbList","@id":"https:\/\/jvservices.be\/fr\/about\/#breadcrumb","itemListElement":[{"@type":"ListItem","position":1,"name":"Home","item":"https:\/\/jvservices.be\/fr\/"},{"@type":"ListItem","position":2,"name":"About"}]},{"@type":"WebSite","@id":"https:\/\/jvservices.be\/#website","url":"https:\/\/jvservices.be\/","name":"J&amp;V Services","description":"Expertisekantoor","potentialAction":[{"@type":"SearchAction","target":{"@type":"EntryPoint","urlTemplate":"https:\/\/jvservices.be\/?s={search_term_string}"},"query-input":{"@type":"PropertyValueSpecification","valueRequired":true,"valueName":"search_term_string"}}],"inLanguage":"fr-FR"}]}},"_links":{"self":[{"href":"https:\/\/jvservices.be\/fr\/wp-json\/wp\/v2\/pages\/418","targetHints":{"allow":["GET"]}}],"collection":[{"href":"https:\/\/jvservices.be\/fr\/wp-json\/wp\/v2\/pages"}],"about":[{"href":"https:\/\/jvservices.be\/fr\/wp-json\/wp\/v2\/types\/page"}],"author":[{"embeddable":true,"href":"https:\/\/jvservices.be\/fr\/wp-json\/wp\/v2\/users\/1"}],"replies":[{"embeddable":true,"href":"https:\/\/jvservices.be\/fr\/wp-json\/wp\/v2\/comments?post=418"}],"version-history":[{"count":5,"href":"https:\/\/jvservices.be\/fr\/wp-json\/wp\/v2\/pages\/418\/revisions"}],"predecessor-version":[{"id":629,"href":"https:\/\/jvservices.be\/fr\/wp-json\/wp\/v2\/pages\/418\/revisions\/629"}],"wp:featuredmedia":[{"embeddable":true,"href":"https:\/\/jvservices.be\/fr\/wp-json\/wp\/v2\/media\/517"}],"wp:attachment":[{"href":"https:\/\/jvservices.be\/fr\/wp-json\/wp\/v2\/media?parent=418"}],"curies":[{"name":"wp","href":"https:\/\/api.w.org\/{rel}","templated":true}]}}